{"id":11302,"date":"2021-10-07T11:22:46","date_gmt":"2021-10-07T11:22:46","guid":{"rendered":"https:\/\/winglift.com\/contact-2\/"},"modified":"2025-10-16T12:00:13","modified_gmt":"2025-10-16T12:00:13","slug":"kontakt","status":"publish","type":"page","link":"https:\/\/winglift.com\/de\/kontakt\/","title":{"rendered":"WingLift &#8211; Kontakt"},"content":{"rendered":"\t\t<div data-elementor-type=\"wp-page\" data-elementor-id=\"11302\" class=\"elementor elementor-11302 elementor-11286\" data-elementor-post-type=\"page\">\n\t\t\t\t\t\t<section class=\"elementor-section elementor-top-section elementor-element elementor-element-6928c84 elementor-section-boxed elementor-section-height-default elementor-section-height-default\" data-id=\"6928c84\" data-element_type=\"section\" data-e-type=\"section\" data-settings=\"{&quot;jet_parallax_layout_list&quot;:[{&quot;jet_parallax_layout_image&quot;:{&quot;url&quot;:&quot;&quot;,&quot;id&quot;:&quot;&quot;,&quot;size&quot;:&quot;&quot;},&quot;_id&quot;:&quot;10424aa&quot;,&quot;jet_parallax_layout_image_tablet&quot;:{&quot;url&quot;:&quot;&quot;,&quot;id&quot;:&quot;&quot;,&quot;size&quot;:&quot;&quot;},&quot;jet_parallax_layout_image_mobile&quot;:{&quot;url&quot;:&quot;&quot;,&quot;id&quot;:&quot;&quot;,&quot;size&quot;:&quot;&quot;},&quot;jet_parallax_layout_speed&quot;:{&quot;unit&quot;:&quot;%&quot;,&quot;size&quot;:50,&quot;sizes&quot;:[]},&quot;jet_parallax_layout_type&quot;:&quot;scroll&quot;,&quot;jet_parallax_layout_direction&quot;:null,&quot;jet_parallax_layout_fx_direction&quot;:null,&quot;jet_parallax_layout_z_index&quot;:&quot;&quot;,&quot;jet_parallax_layout_bg_x&quot;:50,&quot;jet_parallax_layout_bg_x_tablet&quot;:&quot;&quot;,&quot;jet_parallax_layout_bg_x_mobile&quot;:&quot;&quot;,&quot;jet_parallax_layout_bg_y&quot;:50,&quot;jet_parallax_layout_bg_y_tablet&quot;:&quot;&quot;,&quot;jet_parallax_layout_bg_y_mobile&quot;:&quot;&quot;,&quot;jet_parallax_layout_bg_size&quot;:&quot;auto&quot;,&quot;jet_parallax_layout_bg_size_tablet&quot;:&quot;&quot;,&quot;jet_parallax_layout_bg_size_mobile&quot;:&quot;&quot;,&quot;jet_parallax_layout_animation_prop&quot;:&quot;transform&quot;,&quot;jet_parallax_layout_on&quot;:[&quot;desktop&quot;,&quot;tablet&quot;]}]}\">\n\t\t\t\t\t\t<div class=\"elementor-container elementor-column-gap-default\">\n\t\t\t\t\t<div class=\"elementor-column elementor-col-100 elementor-top-column elementor-element elementor-element-84d5de1\" data-id=\"84d5de1\" data-element_type=\"column\" data-e-type=\"column\">\n\t\t\t<div class=\"elementor-widget-wrap elementor-element-populated\">\n\t\t\t\t\t\t<div class=\"elementor-element elementor-element-c0983fe elementor-widget elementor-widget-spacer\" data-id=\"c0983fe\" data-element_type=\"widget\" data-e-type=\"widget\" data-widget_type=\"spacer.default\">\n\t\t\t\t<div class=\"elementor-widget-container\">\n\t\t\t\t\t\t\t<div class=\"elementor-spacer\">\n\t\t\t<div class=\"elementor-spacer-inner\"><\/div>\n\t\t<\/div>\n\t\t\t\t\t\t<\/div>\n\t\t\t\t<\/div>\n\t\t\t\t\t<\/div>\n\t\t<\/div>\n\t\t\t\t\t<\/div>\n\t\t<\/section>\n\t\t\t\t<section class=\"elementor-section elementor-top-section elementor-element elementor-element-9840ae6 elementor-section-boxed elementor-section-height-default elementor-section-height-default\" data-id=\"9840ae6\" data-element_type=\"section\" data-e-type=\"section\" data-settings=\"{&quot;jet_parallax_layout_list&quot;:[{&quot;jet_parallax_layout_image&quot;:{&quot;url&quot;:&quot;&quot;,&quot;id&quot;:&quot;&quot;,&quot;size&quot;:&quot;&quot;},&quot;_id&quot;:&quot;534cb67&quot;,&quot;jet_parallax_layout_image_tablet&quot;:{&quot;url&quot;:&quot;&quot;,&quot;id&quot;:&quot;&quot;,&quot;size&quot;:&quot;&quot;},&quot;jet_parallax_layout_image_mobile&quot;:{&quot;url&quot;:&quot;&quot;,&quot;id&quot;:&quot;&quot;,&quot;size&quot;:&quot;&quot;},&quot;jet_parallax_layout_speed&quot;:{&quot;unit&quot;:&quot;%&quot;,&quot;size&quot;:50,&quot;sizes&quot;:[]},&quot;jet_parallax_layout_type&quot;:&quot;scroll&quot;,&quot;jet_parallax_layout_direction&quot;:null,&quot;jet_parallax_layout_fx_direction&quot;:null,&quot;jet_parallax_layout_z_index&quot;:&quot;&quot;,&quot;jet_parallax_layout_bg_x&quot;:50,&quot;jet_parallax_layout_bg_x_tablet&quot;:&quot;&quot;,&quot;jet_parallax_layout_bg_x_mobile&quot;:&quot;&quot;,&quot;jet_parallax_layout_bg_y&quot;:50,&quot;jet_parallax_layout_bg_y_tablet&quot;:&quot;&quot;,&quot;jet_parallax_layout_bg_y_mobile&quot;:&quot;&quot;,&quot;jet_parallax_layout_bg_size&quot;:&quot;auto&quot;,&quot;jet_parallax_layout_bg_size_tablet&quot;:&quot;&quot;,&quot;jet_parallax_layout_bg_size_mobile&quot;:&quot;&quot;,&quot;jet_parallax_layout_animation_prop&quot;:&quot;transform&quot;,&quot;jet_parallax_layout_on&quot;:[&quot;desktop&quot;,&quot;tablet&quot;]}]}\">\n\t\t\t\t\t\t<div class=\"elementor-container elementor-column-gap-default\">\n\t\t\t\t\t<div class=\"elementor-column elementor-col-50 elementor-top-column elementor-element elementor-element-af4eb81\" data-id=\"af4eb81\" data-element_type=\"column\" data-e-type=\"column\">\n\t\t\t<div class=\"elementor-widget-wrap elementor-element-populated\">\n\t\t\t\t\t\t<section class=\"elementor-section elementor-inner-section elementor-element elementor-element-7aee8aa elementor-section-boxed elementor-section-height-default elementor-section-height-default\" data-id=\"7aee8aa\" data-element_type=\"section\" data-e-type=\"section\" data-settings=\"{&quot;jet_parallax_layout_list&quot;:[{&quot;jet_parallax_layout_image&quot;:{&quot;url&quot;:&quot;&quot;,&quot;id&quot;:&quot;&quot;,&quot;size&quot;:&quot;&quot;},&quot;_id&quot;:&quot;949d433&quot;,&quot;jet_parallax_layout_image_tablet&quot;:{&quot;url&quot;:&quot;&quot;,&quot;id&quot;:&quot;&quot;,&quot;size&quot;:&quot;&quot;},&quot;jet_parallax_layout_image_mobile&quot;:{&quot;url&quot;:&quot;&quot;,&quot;id&quot;:&quot;&quot;,&quot;size&quot;:&quot;&quot;},&quot;jet_parallax_layout_speed&quot;:{&quot;unit&quot;:&quot;%&quot;,&quot;size&quot;:50,&quot;sizes&quot;:[]},&quot;jet_parallax_layout_type&quot;:&quot;scroll&quot;,&quot;jet_parallax_layout_direction&quot;:null,&quot;jet_parallax_layout_fx_direction&quot;:null,&quot;jet_parallax_layout_z_index&quot;:&quot;&quot;,&quot;jet_parallax_layout_bg_x&quot;:50,&quot;jet_parallax_layout_bg_x_tablet&quot;:&quot;&quot;,&quot;jet_parallax_layout_bg_x_mobile&quot;:&quot;&quot;,&quot;jet_parallax_layout_bg_y&quot;:50,&quot;jet_parallax_layout_bg_y_tablet&quot;:&quot;&quot;,&quot;jet_parallax_layout_bg_y_mobile&quot;:&quot;&quot;,&quot;jet_parallax_layout_bg_size&quot;:&quot;auto&quot;,&quot;jet_parallax_layout_bg_size_tablet&quot;:&quot;&quot;,&quot;jet_parallax_layout_bg_size_mobile&quot;:&quot;&quot;,&quot;jet_parallax_layout_animation_prop&quot;:&quot;transform&quot;,&quot;jet_parallax_layout_on&quot;:[&quot;desktop&quot;,&quot;tablet&quot;]}]}\">\n\t\t\t\t\t\t<div class=\"elementor-container elementor-column-gap-default\">\n\t\t\t\t\t<div class=\"elementor-column elementor-col-50 elementor-inner-column elementor-element elementor-element-f393b76\" data-id=\"f393b76\" data-element_type=\"column\" data-e-type=\"column\">\n\t\t\t<div class=\"elementor-widget-wrap elementor-element-populated\">\n\t\t\t\t\t\t<div class=\"elementor-element elementor-element-5b390fc elementor-widget elementor-widget-image\" data-id=\"5b390fc\" data-element_type=\"widget\" data-e-type=\"widget\" data-widget_type=\"image.default\">\n\t\t\t\t<div class=\"elementor-widget-container\">\n\t\t\t\t\t\t\t\t\t\t\t\t\t\t\t<img fetchpriority=\"high\" decoding=\"async\" width=\"660\" height=\"660\" src=\"https:\/\/winglift.com\/wp-content\/uploads\/Recotech-HQ-1.jpg\" class=\"attachment-medium_large size-medium_large wp-image-14039\" alt=\"\" srcset=\"https:\/\/winglift.com\/wp-content\/uploads\/Recotech-HQ-1.jpg 660w, https:\/\/winglift.com\/wp-content\/uploads\/Recotech-HQ-1-100x100.jpg 100w, https:\/\/winglift.com\/wp-content\/uploads\/Recotech-HQ-1-600x600.jpg 600w, https:\/\/winglift.com\/wp-content\/uploads\/Recotech-HQ-1-300x300.jpg 300w, https:\/\/winglift.com\/wp-content\/uploads\/Recotech-HQ-1-150x150.jpg 150w\" sizes=\"(max-width: 660px) 100vw, 660px\" \/>\t\t\t\t\t\t\t\t\t\t\t\t\t\t\t<\/div>\n\t\t\t\t<\/div>\n\t\t\t\t<div class=\"elementor-element elementor-element-0a0e4ef elementor-widget elementor-widget-text-editor\" data-id=\"0a0e4ef\" data-element_type=\"widget\" data-e-type=\"widget\" data-widget_type=\"text-editor.default\">\n\t\t\t\t<div class=\"elementor-widget-container\">\n\t\t\t\t\t\t\t\t\t<p><strong>RECOTECH AB<\/strong><br \/>Box 154<br \/>SE-732 23 Arboga<br \/>Sweden<\/p>\t\t\t\t\t\t\t\t<\/div>\n\t\t\t\t<\/div>\n\t\t\t\t\t<\/div>\n\t\t<\/div>\n\t\t\t\t<div class=\"elementor-column elementor-col-50 elementor-inner-column elementor-element elementor-element-059b532\" data-id=\"059b532\" data-element_type=\"column\" data-e-type=\"column\">\n\t\t\t<div class=\"elementor-widget-wrap elementor-element-populated\">\n\t\t\t\t\t\t<div class=\"elementor-element elementor-element-1566dcd elementor-widget elementor-widget-image\" data-id=\"1566dcd\" data-element_type=\"widget\" data-e-type=\"widget\" data-widget_type=\"image.default\">\n\t\t\t\t<div class=\"elementor-widget-container\">\n\t\t\t\t\t\t\t\t\t\t\t\t\t\t\t<img decoding=\"async\" width=\"660\" height=\"660\" src=\"https:\/\/winglift.com\/wp-content\/uploads\/Asrin-Diar-660x660-1.jpg\" class=\"attachment-medium_large size-medium_large wp-image-16143\" alt=\"\" srcset=\"https:\/\/winglift.com\/wp-content\/uploads\/Asrin-Diar-660x660-1.jpg 660w, https:\/\/winglift.com\/wp-content\/uploads\/Asrin-Diar-660x660-1-300x300.jpg 300w, https:\/\/winglift.com\/wp-content\/uploads\/Asrin-Diar-660x660-1-150x150.jpg 150w, https:\/\/winglift.com\/wp-content\/uploads\/Asrin-Diar-660x660-1-100x100.jpg 100w\" sizes=\"(max-width: 660px) 100vw, 660px\" \/>\t\t\t\t\t\t\t\t\t\t\t\t\t\t\t<\/div>\n\t\t\t\t<\/div>\n\t\t\t\t<div class=\"elementor-element elementor-element-0391165 elementor-widget elementor-widget-text-editor\" data-id=\"0391165\" data-element_type=\"widget\" data-e-type=\"widget\" data-widget_type=\"text-editor.default\">\n\t\t\t\t<div class=\"elementor-widget-container\">\n\t\t\t\t\t\t\t\t\t<p>F\u00fcr Unterst\u00fctzung rufen Sie bitte an +46 76 78 11 510<\/p>\t\t\t\t\t\t\t\t<\/div>\n\t\t\t\t<\/div>\n\t\t\t\t\t<\/div>\n\t\t<\/div>\n\t\t\t\t\t<\/div>\n\t\t<\/section>\n\t\t\t\t<div class=\"elementor-element elementor-element-bfbd015 elementor-widget-divider--view-line elementor-widget elementor-widget-divider\" data-id=\"bfbd015\" data-element_type=\"widget\" data-e-type=\"widget\" data-widget_type=\"divider.default\">\n\t\t\t\t<div class=\"elementor-widget-container\">\n\t\t\t\t\t\t\t<div class=\"elementor-divider\">\n\t\t\t<span class=\"elementor-divider-separator\">\n\t\t\t\t\t\t<\/span>\n\t\t<\/div>\n\t\t\t\t\t\t<\/div>\n\t\t\t\t<\/div>\n\t\t\t\t<div class=\"elementor-element elementor-element-059db9d elementor-widget elementor-widget-text-editor\" data-id=\"059db9d\" data-element_type=\"widget\" data-e-type=\"widget\" data-widget_type=\"text-editor.default\">\n\t\t\t\t<div class=\"elementor-widget-container\">\n\t\t\t\t\t\t\t\t\t<div><p class=\"Body\"><span lang=\"DE\">Wenn Sie Fragen zum WingLift-Containertr\u00e4gersystem haben oder weitere Unterst\u00fctzung von unserem Kundenservice ben\u00f6tigen, wenden Sie sich bitte per E-Mail an winglift@recotech.com oder f\u00fcllen Sie das nachstehende Kontaktformular aus. Sie k\u00f6nnen uns auch unter +46 589 370 500 kontaktieren.<\/span><\/p><\/div>\t\t\t\t\t\t\t\t<\/div>\n\t\t\t\t<\/div>\n\t\t\t\t<div class=\"elementor-element elementor-element-39e87ad elementor-widget-divider--view-line elementor-widget elementor-widget-divider\" data-id=\"39e87ad\" data-element_type=\"widget\" data-e-type=\"widget\" data-widget_type=\"divider.default\">\n\t\t\t\t<div class=\"elementor-widget-container\">\n\t\t\t\t\t\t\t<div class=\"elementor-divider\">\n\t\t\t<span class=\"elementor-divider-separator\">\n\t\t\t\t\t\t<\/span>\n\t\t<\/div>\n\t\t\t\t\t\t<\/div>\n\t\t\t\t<\/div>\n\t\t\t\t<div class=\"elementor-element elementor-element-4d3dd55 elementor-widget elementor-widget-text-editor\" data-id=\"4d3dd55\" data-element_type=\"widget\" data-e-type=\"widget\" data-widget_type=\"text-editor.default\">\n\t\t\t\t<div class=\"elementor-widget-container\">\n\t\t\t\t\t\t\t\t\t<p data-start=\"78\" data-end=\"107\">USt-IdNr.: SE556557639301<\/p><p data-start=\"109\" data-end=\"205\">Zahlungen \u00fcber: Nordea<br data-start=\"135\" data-end=\"138\" \/>BIC\/SWIFT: NDEASESS<br data-start=\"161\" data-end=\"164\" \/>IBAN: SE45 9500 0099 6018 2152 4954<\/p><p data-start=\"207\" data-end=\"256\">In Schweden lokal in SEK: Bankgiro: 5085-1898<\/p><p data-start=\"207\" data-end=\"256\">LEI: <span data-olk-copy-source=\"MessageBody\">636700P910MUR5DEX575<\/span><\/p>\t\t\t\t\t\t\t\t<\/div>\n\t\t\t\t<\/div>\n\t\t\t\t\t<\/div>\n\t\t<\/div>\n\t\t\t\t<div class=\"elementor-column elementor-col-50 elementor-top-column elementor-element elementor-element-143577e\" data-id=\"143577e\" data-element_type=\"column\" data-e-type=\"column\">\n\t\t\t<div class=\"elementor-widget-wrap elementor-element-populated\">\n\t\t\t\t\t\t<div class=\"elementor-element elementor-element-0ba2036 elementor-widget elementor-widget-html\" data-id=\"0ba2036\" data-element_type=\"widget\" data-e-type=\"widget\" data-widget_type=\"html.default\">\n\t\t\t\t<div class=\"elementor-widget-container\">\n\t\t\t\t\t<script src=\"https:\/\/js.hsforms.net\/forms\/embed\/8304251.js\" defer><\/script>\r\n<div class=\"hs-form-frame\" data-region=\"na1\" data-form-id=\"776feb09-ba98-47b3-a0a2-4c8056c3c92b\" data-portal-id=\"8304251\"><\/div>\t\t\t\t<\/div>\n\t\t\t\t<\/div>\n\t\t\t\t<div class=\"elementor-element elementor-element-fece1e8 elementor-widget elementor-widget-text-editor\" data-id=\"fece1e8\" data-element_type=\"widget\" data-e-type=\"widget\" data-widget_type=\"text-editor.default\">\n\t\t\t\t<div class=\"elementor-widget-container\">\n\t\t\t\t\t\t\t\t\t<p><em>*)&nbsp;<\/em>Wir leiten Ihre E-Mail-Adresse nicht weiter.<\/p><p><br><\/p>\t\t\t\t\t\t\t\t<\/div>\n\t\t\t\t<\/div>\n\t\t\t\t<section class=\"elementor-section elementor-inner-section elementor-element elementor-element-fd5ec4f elementor-section-boxed elementor-section-height-default elementor-section-height-default\" data-id=\"fd5ec4f\" data-element_type=\"section\" data-e-type=\"section\" data-settings=\"{&quot;jet_parallax_layout_list&quot;:[]}\">\n\t\t\t\t\t\t<div class=\"elementor-container elementor-column-gap-narrow\">\n\t\t\t\t\t<div class=\"elementor-column elementor-col-33 elementor-inner-column elementor-element elementor-element-ecdb82d\" data-id=\"ecdb82d\" data-element_type=\"column\" data-e-type=\"column\">\n\t\t\t<div class=\"elementor-widget-wrap elementor-element-populated\">\n\t\t\t\t\t\t<div class=\"elementor-element elementor-element-5d9ddcf elementor-widget elementor-widget-image\" data-id=\"5d9ddcf\" data-element_type=\"widget\" data-e-type=\"widget\" data-widget_type=\"image.default\">\n\t\t\t\t<div class=\"elementor-widget-container\">\n\t\t\t\t\t\t\t\t\t\t\t\t\t\t\t<img decoding=\"async\" width=\"800\" height=\"770\" src=\"https:\/\/winglift.com\/wp-content\/uploads\/UNLogo.jpg\" class=\"attachment-large size-large wp-image-8768\" alt=\"\" srcset=\"https:\/\/winglift.com\/wp-content\/uploads\/UNLogo.jpg 1040w, https:\/\/winglift.com\/wp-content\/uploads\/UNLogo-1024x986.jpg 1024w\" sizes=\"(max-width: 800px) 100vw, 800px\" \/>\t\t\t\t\t\t\t\t\t\t\t\t\t\t\t<\/div>\n\t\t\t\t<\/div>\n\t\t\t\t\t<\/div>\n\t\t<\/div>\n\t\t\t\t<div class=\"elementor-column elementor-col-33 elementor-inner-column elementor-element elementor-element-8eec349\" data-id=\"8eec349\" data-element_type=\"column\" data-e-type=\"column\">\n\t\t\t<div class=\"elementor-widget-wrap elementor-element-populated\">\n\t\t\t\t\t\t<div class=\"elementor-element elementor-element-fd58583 elementor-widget elementor-widget-image\" data-id=\"fd58583\" data-element_type=\"widget\" data-e-type=\"widget\" data-widget_type=\"image.default\">\n\t\t\t\t<div class=\"elementor-widget-container\">\n\t\t\t\t\t\t\t\t\t\t\t\t\t\t\t<img loading=\"lazy\" decoding=\"async\" width=\"200\" height=\"200\" src=\"https:\/\/winglift.com\/wp-content\/uploads\/nspa.jpg\" class=\"attachment-large size-large wp-image-14601\" alt=\"\" srcset=\"https:\/\/winglift.com\/wp-content\/uploads\/nspa.jpg 200w, https:\/\/winglift.com\/wp-content\/uploads\/nspa-100x100.jpg 100w, https:\/\/winglift.com\/wp-content\/uploads\/nspa-150x150.jpg 150w\" sizes=\"(max-width: 200px) 100vw, 200px\" \/>\t\t\t\t\t\t\t\t\t\t\t\t\t\t\t<\/div>\n\t\t\t\t<\/div>\n\t\t\t\t\t<\/div>\n\t\t<\/div>\n\t\t\t\t<div class=\"elementor-column elementor-col-33 elementor-inner-column elementor-element elementor-element-1e8a314\" data-id=\"1e8a314\" data-element_type=\"column\" data-e-type=\"column\">\n\t\t\t<div class=\"elementor-widget-wrap elementor-element-populated\">\n\t\t\t\t\t\t<div class=\"elementor-element elementor-element-e9ce468 elementor-widget elementor-widget-image\" data-id=\"e9ce468\" data-element_type=\"widget\" data-e-type=\"widget\" data-widget_type=\"image.default\">\n\t\t\t\t<div class=\"elementor-widget-container\">\n\t\t\t\t\t\t\t\t\t\t\t\t\t\t\t<img loading=\"lazy\" decoding=\"async\" width=\"740\" height=\"739\" src=\"https:\/\/winglift.com\/wp-content\/uploads\/dod1.png\" class=\"attachment-large size-large wp-image-14609\" alt=\"\" srcset=\"https:\/\/winglift.com\/wp-content\/uploads\/dod1.png 740w, https:\/\/winglift.com\/wp-content\/uploads\/dod1-660x660.png 660w, https:\/\/winglift.com\/wp-content\/uploads\/dod1-100x100.png 100w, https:\/\/winglift.com\/wp-content\/uploads\/dod1-600x599.png 600w, https:\/\/winglift.com\/wp-content\/uploads\/dod1-300x300.png 300w, https:\/\/winglift.com\/wp-content\/uploads\/dod1-150x150.png 150w\" sizes=\"(max-width: 740px) 100vw, 740px\" \/>\t\t\t\t\t\t\t\t\t\t\t\t\t\t\t<\/div>\n\t\t\t\t<\/div>\n\t\t\t\t\t<\/div>\n\t\t<\/div>\n\t\t\t\t\t<\/div>\n\t\t<\/section>\n\t\t\t\t<div class=\"elementor-element elementor-element-da0ff71 elementor-widget elementor-widget-text-editor\" data-id=\"da0ff71\" data-element_type=\"widget\" data-e-type=\"widget\" data-widget_type=\"text-editor.default\">\n\t\t\t\t<div class=\"elementor-widget-container\">\n\t\t\t\t\t\t\t\t\t<p class=\"Default\"><b><span lang=\"EN-US\" style=\"font-family: 'Segoe UI', sans-serif; background-image: initial; background-position: initial; background-size: initial; background-repeat: initial; background-attachment: initial; background-origin: initial; background-clip: initial;\">The United Nations<\/span><\/b><span lang=\"EN-US\" style=\"font-family: 'Segoe UI', sans-serif; background-image: initial; background-position: initial; background-size: initial; background-repeat: initial; background-attachment: initial; background-origin: initial; background-clip: initial;\"><span style=\"color: var( --e-global-color-text ); font-size: var( --e-global-typography-primary-font-size ); font-weight: var( --e-global-typography-primary-font-weight );\"> \u2013 Vertragsnummer: PD\/C0008\/22<br \/><b><\/b><\/span><b><span style=\"color: var( --e-global-color-text ); font-size: var( --e-global-typography-primary-font-size );\">NATO\/NSPA<\/span><\/b><span style=\"color: var( --e-global-color-text ); font-size: var( --e-global-typography-primary-font-size ); font-weight: var( --e-global-typography-primary-font-weight );\">\u00a0\u2013 NSN: 3920-64-001-3330<br \/><b><\/b><\/span><b><span style=\"color: var( --e-global-color-text ); font-size: var( --e-global-typography-primary-font-size );\">U.S. Government<\/span><\/b><span style=\"color: var( --e-global-color-text ); font-size: var( --e-global-typography-primary-font-size ); font-weight: var( --e-global-typography-primary-font-weight );\">\u00a0\u2013\u00a0<\/span><\/span><span lang=\"EN-US\" style=\"font-size: 11pt; font-family: 'Segoe UI', sans-serif; background-image: initial; background-position: initial; background-size: initial; background-repeat: initial; background-attachment: initial; background-origin: initial; background-clip: initial;\">CAGE: AA18N | DUNS: 559521716<\/span><\/p>\t\t\t\t\t\t\t\t<\/div>\n\t\t\t\t<\/div>\n\t\t\t\t\t<\/div>\n\t\t<\/div>\n\t\t\t\t\t<\/div>\n\t\t<\/section>\n\t\t\t\t<\/div>\n\t\t","protected":false},"excerpt":{"rendered":"<p>RECOTECH ABBox 154SE-732 23 ArbogaSweden F\u00fcr Unterst\u00fctzung rufen Sie bitte an +46 76 78 11 510 Wenn Sie Fragen zum WingLift-Containertr\u00e4gersystem haben oder weitere Unterst\u00fctzung von unserem Kundenservice ben\u00f6tigen, wenden Sie sich bitte per E-Mail an winglift@recotech.com oder f\u00fcllen Sie das nachstehende Kontaktformular aus. Sie k\u00f6nnen uns auch unter +46 589 370 500 kontaktieren. USt-IdNr.: [&hellip;]<\/p>\n","protected":false},"author":1,"featured_media":0,"parent":0,"menu_order":0,"comment_status":"closed","ping_status":"closed","template":"elementor_header_footer","meta":{"content-type":"","footnotes":""},"class_list":["post-11302","page","type-page","status-publish","hentry"],"_links":{"self":[{"href":"https:\/\/winglift.com\/de\/wp-json\/wp\/v2\/pages\/11302","targetHints":{"allow":["GET"]}}],"collection":[{"href":"https:\/\/winglift.com\/de\/wp-json\/wp\/v2\/pages"}],"about":[{"href":"https:\/\/winglift.com\/de\/wp-json\/wp\/v2\/types\/page"}],"author":[{"embeddable":true,"href":"https:\/\/winglift.com\/de\/wp-json\/wp\/v2\/users\/1"}],"replies":[{"embeddable":true,"href":"https:\/\/winglift.com\/de\/wp-json\/wp\/v2\/comments?post=11302"}],"version-history":[{"count":10,"href":"https:\/\/winglift.com\/de\/wp-json\/wp\/v2\/pages\/11302\/revisions"}],"predecessor-version":[{"id":16190,"href":"https:\/\/winglift.com\/de\/wp-json\/wp\/v2\/pages\/11302\/revisions\/16190"}],"wp:attachment":[{"href":"https:\/\/winglift.com\/de\/wp-json\/wp\/v2\/media?parent=11302"}],"curies":[{"name":"wp","href":"https:\/\/api.w.org\/{rel}","templated":true}]}}