{"id":9704,"date":"2017-04-22T09:09:34","date_gmt":"2017-04-22T09:09:34","guid":{"rendered":"http:\/\/winglift.com\/product\/winglift-container-carrier\/"},"modified":"2023-07-04T08:57:57","modified_gmt":"2023-07-04T08:57:57","slug":"preis","status":"publish","type":"product","link":"https:\/\/winglift.com\/de\/produkt\/preis\/","title":{"rendered":"WingLift Containertransporter"},"content":{"rendered":"<ul>\n<li>Kompaktes Transportgestell mit allen notwendigen Komponenten f\u00fcr den Betrieb des Systems<\/li>\n<li>Einfach an Beh\u00e4lter oder Ausr\u00fcstung unter Verwendung der DIN 1161 ISO Corners anbringen<\/li>\n<li>Leichte Bewegung an Orten mit eingeschr\u00e4nkter K\u00f6rpergr\u00f6\u00dfe oder engen Passagen<\/li>\n<li>Solide und robuste Konstruktion mit geringem Wartungsaufwand<\/li>\n<li>Erm\u00f6glicht es Ihnen, einen Container in alle Richtungen zu bewegen<\/li>\n<li>Bequemer Gebrauch in allen Bereichen; Luft, Meer, Land und unwegsames Gel\u00e4nde<\/li>\n<li>Towable mit jedem Fahrzeug, das das Gewicht ziehen kann<\/li>\n<li>Keine Notwendigkeit f\u00fcr andere Ger\u00e4te wie Krane oder Gabelstapler<\/li>\n<li>Kosteneffizient im Vergleich zu alternativen L\u00f6sungen<\/li>\n<\/ul>\n","protected":false},"excerpt":{"rendered":"<p><strong>WingLift mit Standardkonfiguration<\/strong><br \/>\nIm Lieferumfang enthalten ist ein Aufzug mit einer Ladekapazit\u00e4t von 12.000 kg, der die Last um 350 mm anheben kann. Ein Transportgestell mit den vier Eckeinheiten, an denen alle Elemente befestigt sind, die zum manuellen Transport ben\u00f6tigt werden. Im Folgenden finden Sie voreingestellte Empfehlungen, die Sie jederzeit \u00e4ndern k\u00f6nnen, um Ihre spezifischen Anforderungen zu erf\u00fcllen.<\/p>\n","protected":false},"featured_media":9706,"template":"","meta":{"content-type":""},"product_brand":[],"product_cat":[108],"product_tag":[],"class_list":{"0":"post-9704","1":"product","2":"type-product","3":"status-publish","4":"has-post-thumbnail","6":"product_cat-winglift-de","7":"tm-has-options","9":"first","10":"instock","11":"shipping-taxable","12":"purchasable","13":"product-type-simple"},"_links":{"self":[{"href":"https:\/\/winglift.com\/de\/wp-json\/wp\/v2\/product\/9704","targetHints":{"allow":["GET"]}}],"collection":[{"href":"https:\/\/winglift.com\/de\/wp-json\/wp\/v2\/product"}],"about":[{"href":"https:\/\/winglift.com\/de\/wp-json\/wp\/v2\/types\/product"}],"wp:featuredmedia":[{"embeddable":true,"href":"https:\/\/winglift.com\/de\/wp-json\/wp\/v2\/media\/9706"}],"wp:attachment":[{"href":"https:\/\/winglift.com\/de\/wp-json\/wp\/v2\/media?parent=9704"}],"wp:term":[{"taxonomy":"product_brand","embeddable":true,"href":"https:\/\/winglift.com\/de\/wp-json\/wp\/v2\/product_brand?post=9704"},{"taxonomy":"product_cat","embeddable":true,"href":"https:\/\/winglift.com\/de\/wp-json\/wp\/v2\/product_cat?post=9704"},{"taxonomy":"product_tag","embeddable":true,"href":"https:\/\/winglift.com\/de\/wp-json\/wp\/v2\/product_tag?post=9704"}],"curies":[{"name":"wp","href":"https:\/\/api.w.org\/{rel}","templated":true}]}}