{"id":9701,"date":"2017-04-22T09:09:34","date_gmt":"2017-04-22T09:09:34","guid":{"rendered":"http:\/\/winglift.com\/product\/winglift-container-carrier\/"},"modified":"2023-07-04T09:01:54","modified_gmt":"2023-07-04T09:01:54","slug":"winglift-container-carrier","status":"publish","type":"product","link":"https:\/\/winglift.com\/fr\/produit\/winglift-container-carrier\/","title":{"rendered":"WingLift Porte-conteneurs"},"content":{"rendered":"<ul>\n<li>Rack de transport compact avec tous les \u00e9l\u00e9ments n\u00e9cessaires pour faire fonctionner le syst\u00e8me<\/li>\n<li>Facile \u00e0 fixer au conteneur ou \u00e0 l&rsquo;\u00e9quipement en utilisant les coins ISO DIN 1161<\/li>\n<li>Mouvement facile dans les endroits avec la taille restreinte ou les passages \u00e9troits<\/li>\n<li>Construction solide et robuste avec peu d&rsquo;entretien<\/li>\n<li>Vous permet de d\u00e9placer un conteneur dans toutes les directions<\/li>\n<li>Utilisation pratique dans tous les domaines; air, mer, terre et terrain accident\u00e9<\/li>\n<li>Towable en utilisant n&rsquo;importe quel v\u00e9hicule qui peut tirer le poids<\/li>\n<li>Pas besoin d&rsquo;autres \u00e9quipements comme des grues ou des chariots \u00e9l\u00e9vateurs<\/li>\n<li>\u00c9conomique par rapport aux solutions alternatives<\/li>\n<\/ul>\n","protected":false},"excerpt":{"rendered":"<p><strong>WingLift avec configuration standard<\/strong><br \/>\nInclus est un ascenseur avec 12.000 kg de capacit\u00e9 de charge qui peut soulever la charge de 350 mm. Un support de transport avec les quatre unit\u00e9s de coin attach\u00e9es ensemble avec tous les \u00e9l\u00e9ments n\u00e9cessaires pour le d\u00e9placer manuellement. Vous trouverez ci-dessous des recommandations pr\u00e9d\u00e9finies que vous pouvez toujours modifier en fonction de vos besoins sp\u00e9cifiques.<\/p>\n","protected":false},"featured_media":9703,"template":"","meta":{"content-type":""},"product_brand":[],"product_cat":[107],"product_tag":[],"class_list":{"0":"post-9701","1":"product","2":"type-product","3":"status-publish","4":"has-post-thumbnail","6":"product_cat-winglift-fr","7":"tm-has-options","9":"first","10":"instock","11":"shipping-taxable","12":"purchasable","13":"product-type-simple"},"_links":{"self":[{"href":"https:\/\/winglift.com\/fr\/wp-json\/wp\/v2\/product\/9701","targetHints":{"allow":["GET"]}}],"collection":[{"href":"https:\/\/winglift.com\/fr\/wp-json\/wp\/v2\/product"}],"about":[{"href":"https:\/\/winglift.com\/fr\/wp-json\/wp\/v2\/types\/product"}],"wp:featuredmedia":[{"embeddable":true,"href":"https:\/\/winglift.com\/fr\/wp-json\/wp\/v2\/media\/9703"}],"wp:attachment":[{"href":"https:\/\/winglift.com\/fr\/wp-json\/wp\/v2\/media?parent=9701"}],"wp:term":[{"taxonomy":"product_brand","embeddable":true,"href":"https:\/\/winglift.com\/fr\/wp-json\/wp\/v2\/product_brand?post=9701"},{"taxonomy":"product_cat","embeddable":true,"href":"https:\/\/winglift.com\/fr\/wp-json\/wp\/v2\/product_cat?post=9701"},{"taxonomy":"product_tag","embeddable":true,"href":"https:\/\/winglift.com\/fr\/wp-json\/wp\/v2\/product_tag?post=9701"}],"curies":[{"name":"wp","href":"https:\/\/api.w.org\/{rel}","templated":true}]}}